{"id":177,"date":"2023-09-13T22:27:57","date_gmt":"2023-09-13T20:27:57","guid":{"rendered":"https:\/\/www.radio-3.fr\/?page_id=177"},"modified":"2023-10-09T12:19:03","modified_gmt":"2023-10-09T10:19:03","slug":"membres","status":"publish","type":"page","link":"https:\/\/www.radio-3.fr\/index.php\/membres\/","title":{"rendered":"Musiciens"},"content":{"rendered":"\n<div class=\"wp-block-group has-global-padding is-layout-constrained wp-block-group-is-layout-constrained\">\n<div class=\"wp-block-group is-layout-flow wp-block-group-is-layout-flow\">\n<h2 class=\"wp-block-heading has-max-48-font-size\"><\/h2>\n\n\n\n<div class=\"wp-block-columns is-layout-flex wp-container-core-columns-is-layout-28f84493 wp-block-columns-is-layout-flex\">\n<div class=\"wp-block-column is-style-default is-layout-flow wp-block-column-is-layout-flow\" style=\"border-style:none;border-width:0px;padding-top:0;padding-right:0;padding-bottom:0;padding-left:0\">\n<figure class=\"wp-block-image size-full\"><img loading=\"lazy\" decoding=\"async\" width=\"740\" height=\"940\" src=\"http:\/\/www.radio-3.fr\/wp-content\/uploads\/2023\/10\/Ge.png\" alt=\"\" class=\"wp-image-268\" srcset=\"https:\/\/www.radio-3.fr\/wp-content\/uploads\/2023\/10\/Ge.png 740w, https:\/\/www.radio-3.fr\/wp-content\/uploads\/2023\/10\/Ge-236x300.png 236w, https:\/\/www.radio-3.fr\/wp-content\/uploads\/2023\/10\/Ge-600x762.png 600w\" sizes=\"auto, (max-width: 740px) 100vw, 740px\" \/><\/figure>\n\n\n\n<h2 class=\"wp-block-heading\">G\u00e9rald<\/h2>\n\n\n\n<p>Guitare\/Choeur &#8211; Compositeur\/Auteur &#8211; Prod\/Mix\/Mastering<\/p>\n\n\n\n<p>A l\u2019initiative du projet. A la compo, aux textes, \u00e0 la prod. La psychorigidit\u00e9 en option.<\/p>\n<\/div>\n\n\n\n<div class=\"wp-block-column is-style-default is-layout-flow wp-block-column-is-layout-flow\" style=\"border-style:none;border-width:0px;padding-top:0;padding-right:0;padding-bottom:0;padding-left:0\">\n<figure class=\"wp-block-image size-full\"><img loading=\"lazy\" decoding=\"async\" width=\"740\" height=\"940\" src=\"http:\/\/www.radio-3.fr\/wp-content\/uploads\/2023\/10\/Rom-1.png\" alt=\"\" class=\"wp-image-270\" srcset=\"https:\/\/www.radio-3.fr\/wp-content\/uploads\/2023\/10\/Rom-1.png 740w, https:\/\/www.radio-3.fr\/wp-content\/uploads\/2023\/10\/Rom-1-236x300.png 236w, https:\/\/www.radio-3.fr\/wp-content\/uploads\/2023\/10\/Rom-1-600x762.png 600w\" sizes=\"auto, (max-width: 740px) 100vw, 740px\" \/><\/figure>\n\n\n\n<h2 class=\"wp-block-heading\">Rom<\/h2>\n\n\n\n<p>Basse\/Choeur &#8211; Webmaster\/Community Manager<\/p>\n\n\n\n<p>L\u2019assise de la rythmique du groupe, indispensable \u00e0 la finalisation des titres, la mise en place de la partie Web, la sagesse en prime.<\/p>\n<\/div>\n<\/div>\n<\/div>\n<\/div>\n\n\n\n<div class=\"wp-block-group has-global-padding is-layout-constrained wp-block-group-is-layout-constrained\">\n<div class=\"wp-block-group is-layout-flow wp-block-group-is-layout-flow\">\n<div style=\"height:0px\" aria-hidden=\"true\" class=\"wp-block-spacer\"><\/div>\n\n\n\n<div class=\"wp-block-columns is-layout-flex wp-container-core-columns-is-layout-28f84493 wp-block-columns-is-layout-flex\">\n<div class=\"wp-block-column is-style-default is-layout-flow wp-block-column-is-layout-flow\" style=\"border-style:none;border-width:0px;padding-top:0;padding-right:0;padding-bottom:0;padding-left:0\">\n<figure class=\"wp-block-image size-full\"><img loading=\"lazy\" decoding=\"async\" width=\"740\" height=\"940\" src=\"http:\/\/www.radio-3.fr\/wp-content\/uploads\/2023\/10\/Binge.png\" alt=\"\" class=\"wp-image-263\" srcset=\"https:\/\/www.radio-3.fr\/wp-content\/uploads\/2023\/10\/Binge.png 740w, https:\/\/www.radio-3.fr\/wp-content\/uploads\/2023\/10\/Binge-236x300.png 236w, https:\/\/www.radio-3.fr\/wp-content\/uploads\/2023\/10\/Binge-600x762.png 600w\" sizes=\"auto, (max-width: 740px) 100vw, 740px\" \/><\/figure>\n\n\n\n<h2 class=\"wp-block-heading\">Binge<\/h2>\n\n\n\n<p>Chant &#8211; Auteur&nbsp;<\/p>\n\n\n\n<p>La touche Rock n\u2019Roll et l\u2019apport de textes teint\u00e9es de r\u00e9alisme surr\u00e9aliste.<\/p>\n<\/div>\n\n\n\n<div class=\"wp-block-column is-style-default is-layout-flow wp-block-column-is-layout-flow\" style=\"border-style:none;border-width:0px;padding-top:0;padding-right:0;padding-bottom:0;padding-left:0\">\n<figure class=\"wp-block-image size-full\"><img loading=\"lazy\" decoding=\"async\" width=\"740\" height=\"940\" src=\"http:\/\/www.radio-3.fr\/wp-content\/uploads\/2023\/10\/Cast.png\" alt=\"\" class=\"wp-image-267\" srcset=\"https:\/\/www.radio-3.fr\/wp-content\/uploads\/2023\/10\/Cast.png 740w, https:\/\/www.radio-3.fr\/wp-content\/uploads\/2023\/10\/Cast-236x300.png 236w, https:\/\/www.radio-3.fr\/wp-content\/uploads\/2023\/10\/Cast-600x762.png 600w\" sizes=\"auto, (max-width: 740px) 100vw, 740px\" \/><\/figure>\n\n\n\n<h2 class=\"wp-block-heading\">Castor<\/h2>\n\n\n\n<p>Batterie\/Choeur &#8211; Video\/Mix<\/p>\n\n\n\n<p>L\u2019horloge du battement de coeur du groupe. Au centre des compos, en support au mix, le montage vid\u00e9o en plus.<\/p>\n<\/div>\n<\/div>\n\n\n\n<p><\/p>\n<\/div>\n<\/div>\n","protected":false},"excerpt":{"rendered":"<p>G\u00e9rald Guitare\/Choeur &#8211; Compositeur\/Auteur &#8211; Prod\/Mix\/Mastering A l\u2019initiative du projet. A la compo, aux textes, \u00e0 la prod. La psychorigidit\u00e9 en option. Rom Basse\/Choeur &#8211; Webmaster\/Community Manager L\u2019assise de la rythmique du groupe, indispensable \u00e0 la finalisation des titres, la mise en place de la partie Web, la sagesse en prime. Binge Chant &#8211; Auteur&nbsp; [&hellip;]<\/p>\n","protected":false},"author":1,"featured_media":0,"parent":0,"menu_order":0,"comment_status":"closed","ping_status":"closed","template":"","meta":{"footnotes":""},"class_list":["post-177","page","type-page","status-publish","hentry"],"featured_media_urls":[],"_links":{"self":[{"href":"https:\/\/www.radio-3.fr\/index.php\/wp-json\/wp\/v2\/pages\/177","targetHints":{"allow":["GET"]}}],"collection":[{"href":"https:\/\/www.radio-3.fr\/index.php\/wp-json\/wp\/v2\/pages"}],"about":[{"href":"https:\/\/www.radio-3.fr\/index.php\/wp-json\/wp\/v2\/types\/page"}],"author":[{"embeddable":true,"href":"https:\/\/www.radio-3.fr\/index.php\/wp-json\/wp\/v2\/users\/1"}],"replies":[{"embeddable":true,"href":"https:\/\/www.radio-3.fr\/index.php\/wp-json\/wp\/v2\/comments?post=177"}],"version-history":[{"count":28,"href":"https:\/\/www.radio-3.fr\/index.php\/wp-json\/wp\/v2\/pages\/177\/revisions"}],"predecessor-version":[{"id":287,"href":"https:\/\/www.radio-3.fr\/index.php\/wp-json\/wp\/v2\/pages\/177\/revisions\/287"}],"wp:attachment":[{"href":"https:\/\/www.radio-3.fr\/index.php\/wp-json\/wp\/v2\/media?parent=177"}],"curies":[{"name":"wp","href":"https:\/\/api.w.org\/{rel}","templated":true}]}}