{"id":83,"date":"2023-09-13T16:42:22","date_gmt":"2023-09-13T14:42:22","guid":{"rendered":"http:\/\/www.radio-3.fr\/?page_id=83"},"modified":"2026-03-25T10:14:19","modified_gmt":"2026-03-25T09:14:19","slug":"tour","status":"publish","type":"page","link":"https:\/\/www.radio-3.fr\/index.php\/tour\/","title":{"rendered":"Tour"},"content":{"rendered":"\n<h2 class=\"wp-block-heading has-text-align-center\"><em>A venir<\/em><\/h2>\n\n\n\n<div style=\"height:94px\" aria-hidden=\"true\" class=\"wp-block-spacer\"><\/div>\n\n\n\n<hr class=\"wp-block-separator has-alpha-channel-opacity\"\/>\n\n\n\n<div style=\"height:94px\" aria-hidden=\"true\" class=\"wp-block-spacer\"><\/div>\n\n\n\n<h2 class=\"wp-block-heading has-text-align-center\"><em>Ev\u00e8nements pass\u00e9s<\/em><\/h2>\n\n\n\n<div class=\"wp-block-group is-style-default is-horizontal is-content-justification-left is-layout-flex wp-container-core-group-is-layout-a86bb09c wp-block-group-is-layout-flex\">\n<figure class=\"wp-block-image size-full is-resized is-style-shadow\"><img loading=\"lazy\" decoding=\"async\" width=\"1277\" height=\"1835\" src=\"https:\/\/www.radio-3.fr\/wp-content\/uploads\/2026\/02\/640308392_10163732584538280_4440912256631996444_n.jpg\" alt=\"\" class=\"wp-image-352\" style=\"width:193px;height:auto\" srcset=\"https:\/\/www.radio-3.fr\/wp-content\/uploads\/2026\/02\/640308392_10163732584538280_4440912256631996444_n.jpg 1277w, https:\/\/www.radio-3.fr\/wp-content\/uploads\/2026\/02\/640308392_10163732584538280_4440912256631996444_n-209x300.jpg 209w, https:\/\/www.radio-3.fr\/wp-content\/uploads\/2026\/02\/640308392_10163732584538280_4440912256631996444_n-713x1024.jpg 713w, https:\/\/www.radio-3.fr\/wp-content\/uploads\/2026\/02\/640308392_10163732584538280_4440912256631996444_n-768x1104.jpg 768w, https:\/\/www.radio-3.fr\/wp-content\/uploads\/2026\/02\/640308392_10163732584538280_4440912256631996444_n-1069x1536.jpg 1069w, https:\/\/www.radio-3.fr\/wp-content\/uploads\/2026\/02\/640308392_10163732584538280_4440912256631996444_n-600x862.jpg 600w, https:\/\/www.radio-3.fr\/wp-content\/uploads\/2026\/02\/640308392_10163732584538280_4440912256631996444_n-1200x1724.jpg 1200w\" sizes=\"auto, (max-width: 1277px) 100vw, 1277px\" \/><\/figure>\n\n\n\n<figure class=\"wp-block-pullquote has-text-align-left has-tertiary-color has-text-color\" style=\"border-style:none;border-width:0px\"><blockquote><p><strong>Journ\u00e9e de la femme<\/strong><\/p><cite>07 mars 2026 \u30fb20h\u30fb Velleron<\/cite><\/blockquote><\/figure>\n\n\n\n<div class=\"wp-block-buttons is-layout-flex wp-block-buttons-is-layout-flex\">\n<div class=\"wp-block-button\"><a class=\"wp-block-button__link wp-element-button\" href=\"https:\/\/www.facebook.com\/events\/1568807880845191\/\">Voir l&#8217;\u00e9v\u00e8nement<\/a><\/div>\n<\/div>\n<\/div>\n\n\n\n<hr class=\"wp-block-separator has-alpha-channel-opacity\"\/>\n\n\n\n<div class=\"wp-block-group is-style-default is-horizontal is-content-justification-left is-layout-flex wp-container-core-group-is-layout-a86bb09c wp-block-group-is-layout-flex\">\n<figure class=\"wp-block-image size-full is-resized is-style-shadow\"><img loading=\"lazy\" decoding=\"async\" width=\"216\" height=\"262\" src=\"https:\/\/www.radio-3.fr\/wp-content\/uploads\/2024\/12\/Moba.png\" alt=\"\" class=\"wp-image-303\" style=\"width:193px;height:auto\"\/><\/figure>\n\n\n\n<figure class=\"wp-block-pullquote has-text-align-left has-tertiary-color has-text-color\" style=\"border-style:none;border-width:0px\"><blockquote><p><strong>La Moba <\/strong><\/p><cite>10 Octobre 2025 \u30fb20h\u30fb Bagnols Sur Ceze<\/cite><\/blockquote><\/figure>\n\n\n\n<div class=\"wp-block-buttons is-layout-flex wp-block-buttons-is-layout-flex\">\n<div class=\"wp-block-button\"><a class=\"wp-block-button__link wp-element-button\">+ d&#8217;infos \u00e0 venir<\/a><\/div>\n<\/div>\n<\/div>\n\n\n\n<div class=\"wp-block-group is-style-default is-horizontal is-content-justification-left is-layout-flex wp-container-core-group-is-layout-a86bb09c wp-block-group-is-layout-flex\">\n<figure class=\"wp-block-image size-full is-resized is-style-shadow\"><img loading=\"lazy\" decoding=\"async\" width=\"640\" height=\"258\" src=\"https:\/\/www.radio-3.fr\/wp-content\/uploads\/2024\/12\/Avignon-logo.png\" alt=\"\" class=\"wp-image-307\" style=\"width:193px;height:auto\" srcset=\"https:\/\/www.radio-3.fr\/wp-content\/uploads\/2024\/12\/Avignon-logo.png 640w, https:\/\/www.radio-3.fr\/wp-content\/uploads\/2024\/12\/Avignon-logo-300x121.png 300w, https:\/\/www.radio-3.fr\/wp-content\/uploads\/2024\/12\/Avignon-logo-600x242.png 600w\" sizes=\"auto, (max-width: 640px) 100vw, 640px\" \/><\/figure>\n\n\n\n<figure class=\"wp-block-pullquote has-text-align-left has-tertiary-color has-text-color\" style=\"border-style:none;border-width:0px\"><blockquote><p><strong>F\u00eate de la musique<\/strong>                              <\/p><cite>21 Juin 2025 \u30fb19h\u30fb Avignon<\/cite><\/blockquote><\/figure>\n\n\n\n<div class=\"wp-block-buttons is-layout-flex wp-block-buttons-is-layout-flex\">\n<div class=\"wp-block-button\"><a class=\"wp-block-button__link wp-element-button\" href=\"https:\/\/www.facebook.com\/events\/1607003339962256\/?acontext=%7B%22event_action_history%22%3A[%7B%22mechanism%22%3A%22attachment%22%2C%22surface%22%3A%22newsfeed%22%7D]%2C%22ref_notif_type%22%3Anull%7D\" target=\"_blank\" rel=\"noreferrer noopener\">Voir l&#8217;\u00e9v\u00e8nement<\/a><\/div>\n<\/div>\n<\/div>\n\n\n\n<p><\/p>\n\n\n\n<div class=\"wp-block-group is-style-default is-horizontal is-content-justification-left is-layout-flex wp-container-core-group-is-layout-a86bb09c wp-block-group-is-layout-flex\">\n<figure class=\"wp-block-image size-full is-resized is-style-shadow\"><img loading=\"lazy\" decoding=\"async\" width=\"3508\" height=\"4961\" src=\"https:\/\/www.radio-3.fr\/wp-content\/uploads\/2024\/02\/Affiche-A3.png\" alt=\"\" class=\"wp-image-299\" style=\"width:193px;height:auto\" srcset=\"https:\/\/www.radio-3.fr\/wp-content\/uploads\/2024\/02\/Affiche-A3.png 3508w, https:\/\/www.radio-3.fr\/wp-content\/uploads\/2024\/02\/Affiche-A3-212x300.png 212w, https:\/\/www.radio-3.fr\/wp-content\/uploads\/2024\/02\/Affiche-A3-724x1024.png 724w, https:\/\/www.radio-3.fr\/wp-content\/uploads\/2024\/02\/Affiche-A3-768x1086.png 768w, https:\/\/www.radio-3.fr\/wp-content\/uploads\/2024\/02\/Affiche-A3-1086x1536.png 1086w, https:\/\/www.radio-3.fr\/wp-content\/uploads\/2024\/02\/Affiche-A3-1448x2048.png 1448w, https:\/\/www.radio-3.fr\/wp-content\/uploads\/2024\/02\/Affiche-A3-600x849.png 600w, https:\/\/www.radio-3.fr\/wp-content\/uploads\/2024\/02\/Affiche-A3-1200x1697.png 1200w\" sizes=\"auto, (max-width: 3508px) 100vw, 3508px\" \/><\/figure>\n\n\n\n<figure class=\"wp-block-pullquote has-text-align-left has-tertiary-color has-text-color\" style=\"border-style:none;border-width:0px\"><blockquote><p><strong>Salle du R\u00e9al <\/strong>                                        <\/p><cite>23 Mars 2024 \u30fb20h30\u30fb Chateaurenard<\/cite><\/blockquote><\/figure>\n\n\n\n<div class=\"wp-block-buttons is-layout-flex wp-block-buttons-is-layout-flex\">\n<div class=\"wp-block-button\"><a class=\"wp-block-button__link wp-element-button\" href=\"https:\/\/www.facebook.com\/events\/2060003971046326\/?ref=newsfeed\" target=\"_blank\" rel=\"noreferrer noopener\">Voir l&#8217;\u00e9v\u00e8nement<\/a><\/div>\n<\/div>\n<\/div>\n\n\n\n<div class=\"wp-block-group is-style-default is-horizontal is-content-justification-left is-layout-flex wp-container-core-group-is-layout-a86bb09c wp-block-group-is-layout-flex\">\n<figure class=\"wp-block-image size-full is-resized is-style-shadow\"><img loading=\"lazy\" decoding=\"async\" width=\"1750\" height=\"900\" src=\"https:\/\/www.radio-3.fr\/wp-content\/uploads\/2024\/12\/Loco.jpg\" alt=\"\" class=\"wp-image-304\" style=\"width:193px;height:auto\" srcset=\"https:\/\/www.radio-3.fr\/wp-content\/uploads\/2024\/12\/Loco.jpg 1750w, https:\/\/www.radio-3.fr\/wp-content\/uploads\/2024\/12\/Loco-300x154.jpg 300w, https:\/\/www.radio-3.fr\/wp-content\/uploads\/2024\/12\/Loco-1024x527.jpg 1024w, https:\/\/www.radio-3.fr\/wp-content\/uploads\/2024\/12\/Loco-768x395.jpg 768w, https:\/\/www.radio-3.fr\/wp-content\/uploads\/2024\/12\/Loco-1536x790.jpg 1536w, https:\/\/www.radio-3.fr\/wp-content\/uploads\/2024\/12\/Loco-600x309.jpg 600w, https:\/\/www.radio-3.fr\/wp-content\/uploads\/2024\/12\/Loco-1200x617.jpg 1200w\" sizes=\"auto, (max-width: 1750px) 100vw, 1750px\" \/><\/figure>\n\n\n\n<figure class=\"wp-block-pullquote has-text-align-left has-tertiary-color has-text-color\" style=\"border-style:none;border-width:0px\"><blockquote><p><strong>Soir\u00e9e Loco <\/strong>&#8211; Les Passagers<\/p><cite>22 Septembre 2023 \u30fb20h30\u30fb Chateaurenard<\/cite><\/blockquote><\/figure>\n\n\n\n<div class=\"wp-block-buttons is-layout-flex wp-block-buttons-is-layout-flex\">\n<div class=\"wp-block-button\"><a class=\"wp-block-button__link wp-element-button\" href=\"https:\/\/www.facebook.com\/events\/1665015423951054\" target=\"_blank\" rel=\"noreferrer noopener\">Voir l&#8217;\u00e9v\u00e8nement<\/a><\/div>\n<\/div>\n<\/div>\n\n\n\n<div class=\"wp-block-group is-style-default is-horizontal is-content-justification-left is-layout-flex wp-container-core-group-is-layout-a86bb09c wp-block-group-is-layout-flex\">\n<figure class=\"wp-block-image size-full is-resized is-style-shadow\"><img loading=\"lazy\" decoding=\"async\" width=\"640\" height=\"258\" src=\"https:\/\/www.radio-3.fr\/wp-content\/uploads\/2024\/12\/Avignon-logo.png\" alt=\"\" class=\"wp-image-307\" style=\"width:193px;height:auto\" srcset=\"https:\/\/www.radio-3.fr\/wp-content\/uploads\/2024\/12\/Avignon-logo.png 640w, https:\/\/www.radio-3.fr\/wp-content\/uploads\/2024\/12\/Avignon-logo-300x121.png 300w, https:\/\/www.radio-3.fr\/wp-content\/uploads\/2024\/12\/Avignon-logo-600x242.png 600w\" sizes=\"auto, (max-width: 640px) 100vw, 640px\" \/><\/figure>\n\n\n\n<figure class=\"wp-block-pullquote has-text-align-left has-tertiary-color has-text-color\" style=\"border-style:none;border-width:0px\"><blockquote><p><strong>F\u00eate de la musique<\/strong>                              <\/p><cite>21 Juin 2022 \u30fb21h\u30fb Avignon<\/cite><\/blockquote><\/figure>\n\n\n\n<div class=\"wp-block-buttons is-layout-flex wp-block-buttons-is-layout-flex\">\n<div class=\"wp-block-button\"><a class=\"wp-block-button__link wp-element-button\" href=\"https:\/\/www.facebook.com\/events\/1334018870425547\/\" target=\"_blank\" rel=\"noreferrer noopener\">Voir l&#8217;\u00e9v\u00e8nement<\/a><\/div>\n<\/div>\n<\/div>\n\n\n\n<p><\/p>\n","protected":false},"excerpt":{"rendered":"<p>A venir Ev\u00e8nements pass\u00e9s Journ\u00e9e de la femme 07 mars 2026 \u30fb20h\u30fb Velleron La Moba 10 Octobre 2025 \u30fb20h\u30fb Bagnols Sur Ceze F\u00eate de la musique 21 Juin 2025 \u30fb19h\u30fb Avignon Salle du R\u00e9al 23 Mars 2024 \u30fb20h30\u30fb Chateaurenard Soir\u00e9e Loco &#8211; Les Passagers 22 Septembre 2023 \u30fb20h30\u30fb Chateaurenard F\u00eate de la musique 21 Juin [&hellip;]<\/p>\n","protected":false},"author":1,"featured_media":0,"parent":0,"menu_order":0,"comment_status":"closed","ping_status":"closed","template":"","meta":{"footnotes":""},"class_list":["post-83","page","type-page","status-publish","hentry"],"featured_media_urls":[],"_links":{"self":[{"href":"https:\/\/www.radio-3.fr\/index.php\/wp-json\/wp\/v2\/pages\/83","targetHints":{"allow":["GET"]}}],"collection":[{"href":"https:\/\/www.radio-3.fr\/index.php\/wp-json\/wp\/v2\/pages"}],"about":[{"href":"https:\/\/www.radio-3.fr\/index.php\/wp-json\/wp\/v2\/types\/page"}],"author":[{"embeddable":true,"href":"https:\/\/www.radio-3.fr\/index.php\/wp-json\/wp\/v2\/users\/1"}],"replies":[{"embeddable":true,"href":"https:\/\/www.radio-3.fr\/index.php\/wp-json\/wp\/v2\/comments?post=83"}],"version-history":[{"count":48,"href":"https:\/\/www.radio-3.fr\/index.php\/wp-json\/wp\/v2\/pages\/83\/revisions"}],"predecessor-version":[{"id":361,"href":"https:\/\/www.radio-3.fr\/index.php\/wp-json\/wp\/v2\/pages\/83\/revisions\/361"}],"wp:attachment":[{"href":"https:\/\/www.radio-3.fr\/index.php\/wp-json\/wp\/v2\/media?parent=83"}],"curies":[{"name":"wp","href":"https:\/\/api.w.org\/{rel}","templated":true}]}}